{"id":5911,"date":"2018-06-21T11:34:28","date_gmt":"2018-06-21T09:34:28","guid":{"rendered":"http:\/\/www.adamlelek.com\/adamlelek\/?page_id=5911"},"modified":"2019-03-25T10:00:34","modified_gmt":"2019-03-25T09:00:34","slug":"kontakty","status":"publish","type":"page","link":"https:\/\/www.adamlelek.com\/adamlelek\/kontakty\/","title":{"rendered":"Kontakty"},"content":{"rendered":"<div class=\"standard_wrapper\">\n<div  class=\"one withsmallpadding\" style=\"padding:30px 0 30px 0;\" >\n<div class=\"page_content_wrapper\">\n<div class=\"inner\">\n<div class=\"inner_wrapper\">\n<div class=\"sidebar_content left_sidebar\">\n<div id=\"reponse_msg_15535044341180456221\" class=\"contact_form_response\">\n<ul><\/ul>\n<\/div>\n<form id=\"contact_form_15535044341180456221\" class=\"contact_form_wrapper\" method=\"post\" action=\"\/wp-admin\/admin-ajax.php\"><label for=\"your_name\">Name *<\/label><br \/>\n    \t\t\t\t<input id=\"your_name\" name=\"your_name\" type=\"text\" class=\"required_field\" placeholder=\"Name *\"\/><br \/>\n    \t\t\t\t<label for=\"email\">Email *<\/label><br \/>\n    \t\t\t\t<input id=\"email\" name=\"email\" type=\"text\" class=\"required_field email\" placeholder=\"Email *\"\/><br \/>\n    \t\t\t\t<label for=\"message\">Message *<\/label><br \/>\n    \t\t\t\t<textarea id=\"message\" name=\"message\" rows=\"7\" cols=\"10\" class=\"required_field\" style=\"width:95.5%;\" placeholder=\"Message *\"><\/textarea><\/p>\n<div id=\"captcha-wrap\">\n<div class=\"captcha-box\">\n    \t\t\t<img decoding=\"async\" src=\"http:\/\/www.adamlelek.com\/adamlelek\/wp-admin\/admin-ajax.php?action=photography_script_get_captcha\" alt=\"\" id=\"captcha\" \/>\n    \t\t<\/div>\n<div class=\"text-box\">\n    \t\t\t<label>Type the two words:<\/label><br \/>\n    \t\t\t<input name=\"captcha-code\" type=\"text\" id=\"captcha-code\">\n    \t\t<\/div>\n<div class=\"captcha-action\">\n    \t\t\t<img decoding=\"async\" src=\"http:\/\/www.adamlelek.com\/adamlelek\/wp-content\/themes\/photography\/images\/refresh.jpg\"  alt=\"\" id=\"captcha-refresh\" \/>\n    \t\t<\/div>\n<\/p><\/div>\n<p>    \t<br class=\"clear\"\/><\/p>\n<p><input id=\"gdpr\" name=\"gdpr\" type=\"checkbox\" class=\"required_field gdpr\" value=\"\"\/><br \/>\n    <label for=\"gdpr\" class=\"gdpr_label\">I consent to Adam Lelek collecting my details through this form.<\/label><\/p>\n<div class=\"contact_submit_wrapper\">\n    \t<input id=\"contact_submit_btn15535044341180456221\" name=\"contact_submit_btn15535044341180456221\" type=\"submit\" class=\"solidbg\" value=\"Send\"\/>\n    <\/div>\n<\/form>\n<\/div>\n<div class=\"sidebar_wrapper left_sidebar\">\n<div class=\"sidebar\">\n<div class=\"content\">\n<ul class=\"sidebar_widget\">\n<li id=\"text-5\" class=\"widget widget_text\">\n<h2 class=\"widgettitle\"><span>Kontakt<\/span><\/h2>\n<div class=\"textwidget\">\n<p>Vod\u00e1rensk\u00e1 321, N\u00e1chod<\/p>\n<p>adam.lelek@mediapro.cz<\/p>\n<p>+ 420 776 246 001<\/p>\n<\/div>\n<\/li>\n<li id=\"text-6\" class=\"widget widget_text\">\n<h2 class=\"widgettitle\"><span>Soci\u00e1ln\u00ed s\u00edt\u011b<\/span><\/h2>\n<div class=\"textwidget\">\n<div class=\"social_wrapper shortcode dark large\">\n<ul>\n<li class=\"facebook\"><a target=\"_blank\" title=\"Facebook\" href=\"https:\/\/www.facebook.com\/adam.lelek.nicehosenelek?jazoest=265100119112721038290117761121075510645105121116115979075681038165905097801186989768576988795105122701041209981586510012211771118491108510595106111111120108856669118116120569555112106489510681726711356121115106103521061178910811081\" rel=\"noopener noreferrer\"><i class=\"fa fa-facebook-official\"><\/i><\/a><\/li>\n<\/ul>\n<\/div>\n<\/div>\n<\/li>\n<\/ul>\n<\/div>\n<\/div>\n<\/div>\n<\/div>\n<\/div>\n<\/div>\n<\/div>\n<\/div>\n","protected":false},"excerpt":{"rendered":"","protected":false},"author":1,"featured_media":0,"parent":0,"menu_order":0,"comment_status":"closed","ping_status":"closed","template":"","meta":{"_exactmetrics_skip_tracking":false,"_exactmetrics_sitenote_active":false,"_exactmetrics_sitenote_note":"","_exactmetrics_sitenote_category":0,"footnotes":""},"class_list":["post-5911","page","type-page","status-publish","hentry"],"_links":{"self":[{"href":"https:\/\/www.adamlelek.com\/adamlelek\/wp-json\/wp\/v2\/pages\/5911","targetHints":{"allow":["GET"]}}],"collection":[{"href":"https:\/\/www.adamlelek.com\/adamlelek\/wp-json\/wp\/v2\/pages"}],"about":[{"href":"https:\/\/www.adamlelek.com\/adamlelek\/wp-json\/wp\/v2\/types\/page"}],"author":[{"embeddable":true,"href":"https:\/\/www.adamlelek.com\/adamlelek\/wp-json\/wp\/v2\/users\/1"}],"replies":[{"embeddable":true,"href":"https:\/\/www.adamlelek.com\/adamlelek\/wp-json\/wp\/v2\/comments?post=5911"}],"version-history":[{"count":6,"href":"https:\/\/www.adamlelek.com\/adamlelek\/wp-json\/wp\/v2\/pages\/5911\/revisions"}],"predecessor-version":[{"id":6349,"href":"https:\/\/www.adamlelek.com\/adamlelek\/wp-json\/wp\/v2\/pages\/5911\/revisions\/6349"}],"wp:attachment":[{"href":"https:\/\/www.adamlelek.com\/adamlelek\/wp-json\/wp\/v2\/media?parent=5911"}],"curies":[{"name":"wp","href":"https:\/\/api.w.org\/{rel}","templated":true}]}}