{"id":5896,"date":"2018-06-21T11:32:59","date_gmt":"2018-06-21T09:32:59","guid":{"rendered":"http:\/\/www.adamlelek.com\/adamlelek\/?page_id=5896"},"modified":"2019-03-28T10:06:58","modified_gmt":"2019-03-28T09:06:58","slug":"info","status":"publish","type":"page","link":"https:\/\/www.adamlelek.com\/adamlelek\/info\/","title":{"rendered":"Info"},"content":{"rendered":"<div  class=\"one fullwidth \">\n<div id=\"rev_slider_1_1_wrapper\" class=\"rev_slider_wrapper fullwidthbanner-container\" data-alias=\"about-me-header\" data-source=\"gallery\" style=\"margin:0px auto;background:transparent;padding:0px;margin-top:0px;margin-bottom:0px;\">\n<!-- START REVOLUTION SLIDER 5.4.7.4 fullwidth mode --><\/p>\n<div id=\"rev_slider_1_1\" class=\"rev_slider fullwidthabanner\" style=\"display:none;\" data-version=\"5.4.7.4\">\n<ul>\t<!-- SLIDE  --><\/p>\n<li data-index=\"rs-1\" data-transition=\"notransition\" data-slotamount=\"default\" data-hideafterloop=\"0\" data-hideslideonmobile=\"off\"  data-easein=\"default\" data-easeout=\"default\" data-masterspeed=\"default\"  data-thumb=\"http:\/\/www.adamlelek.com\/adamlelek\/wp-content\/uploads\/2019\/03\/206170912-100x50.jpg\"  data-rotate=\"0\"  data-saveperformance=\"off\"  data-title=\"Slide\" data-param1=\"\" data-param2=\"\" data-param3=\"\" data-param4=\"\" data-param5=\"\" data-param6=\"\" data-param7=\"\" data-param8=\"\" data-param9=\"\" data-param10=\"\" data-description=\"\">\n\t\t<!-- MAIN IMAGE --><br \/>\n\t\t<img fetchpriority=\"high\" decoding=\"async\" src=\"http:\/\/www.adamlelek.com\/adamlelek\/wp-content\/uploads\/2019\/03\/206170912.jpg\"  alt=\"\" title=\"206170912\"  width=\"2048\" height=\"1365\" data-bgposition=\"center center\" data-bgfit=\"cover\" data-bgrepeat=\"no-repeat\" class=\"rev-slidebg\" data-no-retina><br \/>\n\t\t<!-- LAYERS -->\n\t<\/li>\n<\/ul>\n<div class=\"tp-bannertimer tp-bottom\" style=\"visibility: hidden !important;\"><\/div>\n<\/p><\/div>\n<style><\/style>\n<p>\t\t<script type=\"text\/javascript\">\nif (setREVStartSize!==undefined) setREVStartSize(\n\t{c: '#rev_slider_1_1', gridwidth: [1400], gridheight: [700], sliderLayout: 'fullwidth'});<\/p>\n<p>var revapi1,\n\ttpj;\t\n(function() {\t\t\t\n\tif (!\/loaded|interactive|complete\/.test(document.readyState)) document.addEventListener(\"DOMContentLoaded\",onLoad); else onLoad();\t\n\tfunction onLoad() {\t\t\t\t\n\t\tif (tpj===undefined) { tpj = jQuery; if(\"off\" == \"on\") tpj.noConflict();}\n\tif(tpj(\"#rev_slider_1_1\").revolution == undefined){\n\t\trevslider_showDoubleJqueryError(\"#rev_slider_1_1\");\n\t}else{\n\t\trevapi1 = tpj(\"#rev_slider_1_1\").show().revolution({\n\t\t\tsliderType:\"hero\",\n\t\t\tjsFileLocation:\"\/\/www.adamlelek.com\/adamlelek\/wp-content\/plugins\/revslider\/public\/assets\/js\/\",\n\t\t\tsliderLayout:\"fullwidth\",\n\t\t\tdottedOverlay:\"none\",\n\t\t\tdelay:9000,\n\t\t\tvisibilityLevels:[1240,1024,778,480],\n\t\t\tgridwidth:1400,\n\t\t\tgridheight:700,\n\t\t\tlazyType:\"none\",\n\t\t\tshadow:0,\n\t\t\tspinner:\"off\",\n\t\t\tautoHeight:\"off\",\n\t\t\tdisableProgressBar:\"on\",\n\t\t\thideThumbsOnMobile:\"on\",\n\t\t\thideSliderAtLimit:0,\n\t\t\thideCaptionAtLimit:0,\n\t\t\thideAllCaptionAtLilmit:0,\n\t\t\tdebugMode:false,\n\t\t\tfallbacks: {\n\t\t\t\tsimplifyAll:\"off\",\n\t\t\t\tdisableFocusListener:false,\n\t\t\t}\n\t\t});\n\t}; \/* END OF revapi call *\/<\/p>\n<p> }; \/* END OF ON LOAD FUNCTION *\/\n}()); \/* END OF WRAPPING FUNCTION *\/\n<\/script>\n\t\t<\/div>\n<p><!-- END REVOLUTION SLIDER --><\/div>\n<div class=\"standard_wrapper\">\n<div  class=\"one_third withsmallpadding ppb_header \" style=\"text-align:left;padding:50px 0 50px 0;\" >\n<div class=\"page_content_wrapper\">\n<div class=\"inner\">\n<div style=\"margin:auto;width:50%\">\n<h2 class=\"ppb_title\" style=\"\">Adam Lelek<\/h2>\n<hr class=\"title_break left\" style=\"\"\/>\n<div class=\"ppb_header_content\">\n<p><i>\u201eSpr\u00e1vn\u011b vid\u00edme jen srdcem. Co je d\u016fle\u017eit\u00e9 je o\u010d\u00edm neviditeln\u00e9.\u201c<\/i><\/p>\n<p style=\"text-align: right;\">Antoine de Saint-Exup\u00e9ry, Mal\u00fd princ<\/p>\n<\/div>\n<\/div>\n<\/div>\n<\/div>\n<\/div>\n<\/div>\n<div class=\"standard_wrapper\">\n<div  class=\"two_third last withsmallpadding ppb_text\" style=\"padding:50px 0 50px 0;\" >\n<div class=\"standard_wrapper\">\n<div class=\"page_content_wrapper\">\n<div class=\"inner\">\n<div style=\"margin:auto;width:100%\">\n<p>Kouzlu fotografie jsem propadl u\u017e jako mal\u00fd kluk. Ta\u00a0krabi\u010dka, kter\u00e1\u00a0dok\u00e1zala d\u011blat obr\u00e1zky, m\u011b nikdy nep\u0159est\u00e1vala fascinovat. Tajn\u011b jsem si bral t\u00e1t\u016fv Zenit a\u00a0ut\u00edkal do\u00a0kopc\u016f koukat na\u00a0kr\u00e1sy sv\u011bta skrz hled\u00e1\u010dek. Fotil jsem v\u0161echno, na\u00a0co\u00a0jsem narazil, kamar\u00e1dy, zaj\u00edmav\u00e9 budovy, krajinu, zv\u00ed\u0159ata. Jednoho dne, kdy\u017e\u00a0jsem zjistil, \u017ee\u00a0ty na\u0161e kr\u00e1sn\u00e9 \u010desk\u00e9 kopce, louky a\u00a0lesy\u00a0mi jsou mal\u00e9, vyrazil jsem o\u00a0kousek d\u00e1l a\u00a0na\u00a0cest\u00e1ch a\u00a0necest\u00e1ch po\u00a0t\u00e9 na\u0161\u00ed p\u0159ekr\u00e1sn\u00e9 planet\u011b Zemi u\u017e z\u016fstal. Hned napoprv\u00e9 jsem se\u00a0zamiloval do\u00a0chvil, kdy\u00a0mohu b\u00fdt se\u00a0v\u0161\u00ed pokorou p\u0159\u00edtomen r\u016fzn\u00fdm ob\u0159ad\u016fm a\u00a0tradic\u00edm, se\u00a0zajat\u00fdm dechem pozorovat majest\u00e1ty velehor, sledovat nikdy se\u00a0neopakuj\u00edc\u00ed v\u00fdchod \u010di\u00a0z\u00e1pad slunce nebo \u017easnout nad\u00a0nespoutanou divo\u010dinou.\n<\/p>\n<\/p>\n<p>\nV \u017eivot\u011b jsem m\u011bl a\u00a0st\u00e1le m\u00e1m obrovsk\u00e9 \u0161t\u011bst\u00ed na\u00a0fotografy, kter\u00e9\u00a0jsem potkal a\u00a0kte\u0159\u00ed m\u011b z\u00e1sadn\u00edm zp\u016fsobem ovlivnili. Lubor Ka\u0161l\u00edk\u00a0mi v\u00a0sedm\u00e9 t\u0159\u00edd\u011b uk\u00e1zal fotokomoru, kde\u00a0jsem potom tr\u00e1vil stovky hodin a\u00a0jej\u00ed\u017e kouzelnou v\u016fni nikdy nezapomenu. Anton\u00edn Pochyla\u00a0mi d\u00e1val zabrat fotografi\u00ed kapky vody na\u00a0laboratorn\u00ed k\u00e1dince a\u00a0Jindra \u0160treit v\u017edy p\u0159\u00e1telsky hodnotil m\u00e9 obr\u00e1zky p\u0159i\u00a0spole\u010dn\u00e9 pr\u00e1ci v\u00a0Ban\u00e1tu v\u00a0Rumunsku. Moc za\u00a0to\u00a0d\u011bkuji. Za\u00a0V\u00e1s v\u0161echny. Za\u00a0V\u00e1s, kte\u0159\u00ed\u00a0mi na\u00a0cest\u00e1ch dr\u017e\u00edte palce i\u00a0za\u00a0V\u00e1s, kte\u0159\u00ed stoj\u00edte na\u00a0druh\u00e9m b\u0159ehu. V\u0161ichni m\u011b neuv\u011b\u0159iteln\u011b posouv\u00e1te vp\u0159ed.\n<\/p>\n<\/p>\n<p>\nDovolte\u00a0mi tedy pros\u00edm, abych v\u00e1m kr\u00e1sy tohoto sv\u011bta uk\u00e1zal tak, jak je\u00a0vid\u00edm j\u00e1, m\u00fdm pohledem, tedy skrze m\u00e9 fotografie. Tohle je\u00a0moje cesta. Cesta, kterou si bez fotoapar\u00e1tu v\u00a0ruce v\u016fbec nedovedu p\u0159edstavit.\n<\/p>\n<\/div>\n<\/div>\n<\/div>\n<\/div>\n<\/div>\n<\/div>\n<div  class=\"ppb_portfolio one nopadding \" >\n<div class=\"page_content_wrapper \">\n<div id=\"15537640181786697148\" class=\"portfolio_filter_wrapper gallery portfolio-content section content clearfix four_cols wide\" data-items=\"12\" data-cat=\"\">\n<div class=\"element grid masonry classic4_cols kenburns\">\n<div class=\"one_fourth gallery4 filterable static animated1 gallery_type hover_display\"><a href=\"http:\/\/www.adamlelek.com\/adamlelek\/portfolios\/cina\/\"  class=\"\"><img decoding=\"async\" src=\"http:\/\/www.adamlelek.com\/adamlelek\/wp-content\/uploads\/2019\/03\/40401905-705x529.jpg\" alt=\"\u010c\u00edna - Yuangshuo\" class=\"preview\"\/><\/p>\n<div id=\"portfolio_desc_5998\" class=\"portfolio_title\">\n<div class=\"table\">\n<div class=\"cell\">\n<h5>\u010c\u00edna &#8211; Yuangshuo<\/h5>\n<div class=\"post_detail\"><\/div>\n<\/p><\/div>\n<\/p><\/div>\n<\/p><\/div>\n<p><\/a><\/div>\n<\/div>\n<div class=\"element grid masonry classic4_cols kenburns\">\n<div class=\"one_fourth gallery4 filterable static animated2 gallery_type hover_display\"><a href=\"http:\/\/www.adamlelek.com\/adamlelek\/portfolios\/papua\/\"  class=\"\"><img decoding=\"async\" src=\"http:\/\/www.adamlelek.com\/adamlelek\/wp-content\/uploads\/2018\/07\/40220726-705x529.jpg\" alt=\"Papua - Korowai\" class=\"preview\"\/><\/p>\n<div id=\"portfolio_desc_6064\" class=\"portfolio_title\">\n<div class=\"table\">\n<div class=\"cell\">\n<h5>Papua &#8211; Korowai<\/h5>\n<div class=\"post_detail\"><\/div>\n<\/p><\/div>\n<\/p><\/div>\n<\/p><\/div>\n<p><\/a><\/div>\n<\/div>\n<div class=\"element grid masonry classic4_cols kenburns\">\n<div class=\"one_fourth gallery4 filterable static animated3 gallery_type hover_display\"><a href=\"http:\/\/www.adamlelek.com\/adamlelek\/portfolios\/nocni-zivot-brazilie\/\"  class=\"\"><img decoding=\"async\" src=\"http:\/\/www.adamlelek.com\/adamlelek\/wp-content\/uploads\/2018\/07\/01-1-705x529.jpg\" alt=\"No\u010dn\u00ed \u017eivot Braz\u00edlie\" class=\"preview\"\/><\/p>\n<div id=\"portfolio_desc_6073\" class=\"portfolio_title\">\n<div class=\"table\">\n<div class=\"cell\">\n<h5>No\u010dn\u00ed \u017eivot Braz\u00edlie<\/h5>\n<div class=\"post_detail\"><\/div>\n<\/p><\/div>\n<\/p><\/div>\n<\/p><\/div>\n<p><\/a><\/div>\n<\/div>\n<div class=\"element grid masonry classic4_cols kenburns\">\n<div class=\"one_fourth gallery4 filterable static animated4 gallery_type hover_display\"><a href=\"http:\/\/www.adamlelek.com\/adamlelek\/portfolios\/waura\/\"  class=\"\"><img decoding=\"async\" src=\"http:\/\/www.adamlelek.com\/adamlelek\/wp-content\/uploads\/2019\/03\/20114357-705x529.jpg\" alt=\"Braz\u00edlie - Waur\u00e1\" class=\"preview\"\/><\/p>\n<div id=\"portfolio_desc_6082\" class=\"portfolio_title\">\n<div class=\"table\">\n<div class=\"cell\">\n<h5>Braz\u00edlie &#8211; Waur\u00e1<\/h5>\n<div class=\"post_detail\"><\/div>\n<\/p><\/div>\n<\/p><\/div>\n<\/p><\/div>\n<p><\/a><\/div>\n<\/div>\n<\/div>\n<div class=\"infinite_loading\" id=\"15537640181786697148_loading\"><i class=\"fa fa-circle-o-notch fa-spin\"><\/i><\/div>\n<p><input type=\"hidden\" id=\"15537640181786697148_offset\" name=\"15537640181786697148_offset\" value=\"0\" \/><input type=\"hidden\" id=\"15537640181786697148_total\" name=\"15537640181786697148_total\" value=\"12\" \/><input type=\"hidden\" id=\"15537640181786697148_status\" name=\"15537640181786697148_status\" value=\"0\" \/><\/div>\n<\/div>\n","protected":false},"excerpt":{"rendered":"","protected":false},"author":1,"featured_media":0,"parent":0,"menu_order":0,"comment_status":"closed","ping_status":"closed","template":"","meta":{"_exactmetrics_skip_tracking":false,"_exactmetrics_sitenote_active":false,"_exactmetrics_sitenote_note":"","_exactmetrics_sitenote_category":0,"footnotes":""},"class_list":["post-5896","page","type-page","status-publish","hentry"],"_links":{"self":[{"href":"https:\/\/www.adamlelek.com\/adamlelek\/wp-json\/wp\/v2\/pages\/5896","targetHints":{"allow":["GET"]}}],"collection":[{"href":"https:\/\/www.adamlelek.com\/adamlelek\/wp-json\/wp\/v2\/pages"}],"about":[{"href":"https:\/\/www.adamlelek.com\/adamlelek\/wp-json\/wp\/v2\/types\/page"}],"author":[{"embeddable":true,"href":"https:\/\/www.adamlelek.com\/adamlelek\/wp-json\/wp\/v2\/users\/1"}],"replies":[{"embeddable":true,"href":"https:\/\/www.adamlelek.com\/adamlelek\/wp-json\/wp\/v2\/comments?post=5896"}],"version-history":[{"count":44,"href":"https:\/\/www.adamlelek.com\/adamlelek\/wp-json\/wp\/v2\/pages\/5896\/revisions"}],"predecessor-version":[{"id":6426,"href":"https:\/\/www.adamlelek.com\/adamlelek\/wp-json\/wp\/v2\/pages\/5896\/revisions\/6426"}],"wp:attachment":[{"href":"https:\/\/www.adamlelek.com\/adamlelek\/wp-json\/wp\/v2\/media?parent=5896"}],"curies":[{"name":"wp","href":"https:\/\/api.w.org\/{rel}","templated":true}]}}